{"id":11,"date":"2018-01-03T20:34:43","date_gmt":"2018-01-03T20:34:43","guid":{"rendered":"http:\/\/www.massage-roth.ch\/?page_id=11"},"modified":"2024-08-27T07:43:24","modified_gmt":"2024-08-27T05:43:24","slug":"preise","status":"publish","type":"page","link":"https:\/\/www.massage-roth.ch\/?page_id=11","title":{"rendered":"Preise"},"content":{"rendered":"\n<div class=\"wp-block-group is-nowrap is-layout-flex wp-container-core-group-is-layout-3 wp-block-group-is-layout-flex\">\n<div class=\"wp-block-group is-vertical is-layout-flex wp-container-core-group-is-layout-2 wp-block-group-is-layout-flex\">\n<div class=\"wp-block-group is-vertical is-layout-flex wp-container-core-group-is-layout-1 wp-block-group-is-layout-flex\">\n<p>Manuelle Lymphdrainage<\/p>\n\n\n\n<p class=\"has-text-align-left\">Klassische Massage<\/p>\n\n\n\n<p>Fuss-Reflexzonen-Massage<\/p>\n\n\n\n<p>Ganz- \/ Teilk\u00f6rper-Massage<\/p>\n<\/div>\n<\/div>\n<\/div>\n\n\n\n<p><\/p>\n\n\n\n<p>Es besteht die M\u00f6glichkeit \u00fcber die Zusatzversicherung abzurechnen. Bitte kl\u00e4ren Sie vorg\u00e4ngig bei Ihrer Krankenkasse ab, ob sie die Kosten \u00fcbernimmt.<\/p>\n\n\n\n<p><\/p>\n\n\n\n<div class=\"wp-block-columns are-vertically-aligned-center is-layout-flex wp-container-core-columns-is-layout-1 wp-block-columns-is-layout-flex\">\n<div class=\"wp-block-column is-vertically-aligned-center is-layout-flow wp-block-column-is-layout-flow\">\n<p>30 Minuten<\/p>\n<\/div>\n\n\n\n<div class=\"wp-block-column is-vertically-aligned-center is-layout-flow wp-block-column-is-layout-flow\">\n<p>SFr.      48.-<\/p>\n<\/div>\n<\/div>\n\n\n\n<div class=\"wp-block-columns is-layout-flex wp-container-core-columns-is-layout-2 wp-block-columns-is-layout-flex\">\n<div class=\"wp-block-column is-layout-flow wp-block-column-is-layout-flow\">\n<p>45 Minuten<\/p>\n<\/div>\n\n\n\n<div class=\"wp-block-column is-layout-flow wp-block-column-is-layout-flow\">\n<p>SFr.      72.-<\/p>\n<\/div>\n<\/div>\n\n\n\n<div class=\"wp-block-columns is-layout-flex wp-container-core-columns-is-layout-3 wp-block-columns-is-layout-flex\">\n<div class=\"wp-block-column is-layout-flow wp-block-column-is-layout-flow\">\n<p>60 Minuten<\/p>\n<\/div>\n\n\n\n<div class=\"wp-block-column is-layout-flow wp-block-column-is-layout-flow\">\n<p>SFr.      96.-<\/p>\n<\/div>\n<\/div>\n\n\n\n<div class=\"wp-block-columns is-layout-flex wp-container-core-columns-is-layout-4 wp-block-columns-is-layout-flex\">\n<div class=\"wp-block-column is-layout-flow wp-block-column-is-layout-flow\">\n<p>75 Minuten<\/p>\n<\/div>\n\n\n\n<div class=\"wp-block-column is-layout-flow wp-block-column-is-layout-flow\">\n<p>SFr.    120.-<\/p>\n<\/div>\n<\/div>\n\n\n\n<div class=\"wp-block-columns is-layout-flex wp-container-core-columns-is-layout-5 wp-block-columns-is-layout-flex\">\n<div class=\"wp-block-column is-layout-flow wp-block-column-is-layout-flow\">\n<p>90 Minuten<\/p>\n<\/div>\n\n\n\n<div class=\"wp-block-column is-layout-flow wp-block-column-is-layout-flow\">\n<p>SFr.    144.-<\/p>\n<\/div>\n<\/div>\n","protected":false},"excerpt":{"rendered":"<p>Manuelle Lymphdrainage Klassische Massage Fuss-Reflexzonen-Massage Ganz- \/ Teilk\u00f6rper-Massage Es besteht die M\u00f6glichkeit \u00fcber die Zusatzversicherung abzurechnen. Bitte kl\u00e4ren Sie vorg\u00e4ngig bei Ihrer Krankenkasse ab, ob sie die Kosten \u00fcbernimmt. 30 Minuten SFr. 48.- 45 Minuten SFr. 72.- 60 Minuten SFr. 96.- 75 Minuten SFr. 120.- 90 Minuten SFr. 144.-<\/p>\n","protected":false},"author":1,"featured_media":0,"parent":0,"menu_order":0,"comment_status":"closed","ping_status":"closed","template":"","meta":{"footnotes":""},"class_list":["post-11","page","type-page","status-publish","hentry"],"_links":{"self":[{"href":"https:\/\/www.massage-roth.ch\/index.php?rest_route=\/wp\/v2\/pages\/11"}],"collection":[{"href":"https:\/\/www.massage-roth.ch\/index.php?rest_route=\/wp\/v2\/pages"}],"about":[{"href":"https:\/\/www.massage-roth.ch\/index.php?rest_route=\/wp\/v2\/types\/page"}],"author":[{"embeddable":true,"href":"https:\/\/www.massage-roth.ch\/index.php?rest_route=\/wp\/v2\/users\/1"}],"replies":[{"embeddable":true,"href":"https:\/\/www.massage-roth.ch\/index.php?rest_route=%2Fwp%2Fv2%2Fcomments&post=11"}],"version-history":[{"count":17,"href":"https:\/\/www.massage-roth.ch\/index.php?rest_route=\/wp\/v2\/pages\/11\/revisions"}],"predecessor-version":[{"id":181,"href":"https:\/\/www.massage-roth.ch\/index.php?rest_route=\/wp\/v2\/pages\/11\/revisions\/181"}],"wp:attachment":[{"href":"https:\/\/www.massage-roth.ch\/index.php?rest_route=%2Fwp%2Fv2%2Fmedia&parent=11"}],"curies":[{"name":"wp","href":"https:\/\/api.w.org\/{rel}","templated":true}]}}