{"id":16,"date":"2018-01-03T20:17:32","date_gmt":"2018-01-03T20:17:32","guid":{"rendered":"http:\/\/www.massage-roth.ch\/?page_id=16"},"modified":"2023-09-13T14:49:17","modified_gmt":"2023-09-13T12:49:17","slug":"ueber-mich","status":"publish","type":"page","link":"https:\/\/www.massage-roth.ch\/?page_id=16","title":{"rendered":"\u00dcber mich"},"content":{"rendered":"<p><img loading=\"lazy\" decoding=\"async\" class=\"wp-image-135  alignright\" src=\"https:\/\/www.massage-roth.ch\/wp-content\/uploads\/2023\/06\/Portraet3-283x300.jpg\" alt=\"\" width=\"225\" height=\"239\" srcset=\"https:\/\/www.massage-roth.ch\/wp-content\/uploads\/2023\/06\/Portraet3-283x300.jpg 283w, https:\/\/www.massage-roth.ch\/wp-content\/uploads\/2023\/06\/Portraet3-967x1024.jpg 967w, https:\/\/www.massage-roth.ch\/wp-content\/uploads\/2023\/06\/Portraet3-768x813.jpg 768w, https:\/\/www.massage-roth.ch\/wp-content\/uploads\/2023\/06\/Portraet3-1451x1536.jpg 1451w, https:\/\/www.massage-roth.ch\/wp-content\/uploads\/2023\/06\/Portraet3-1935x2048.jpg 1935w\" sizes=\"(max-width: 225px) 100vw, 225px\" \/><\/p>\n<p style=\"text-align: left;\">Mein Name ist Denise Roth-Grieder. Ich bin 1982 geboren und in Tecknau aufgewachsen. Nach 6 1\/2 Jahren im Kanton Zug bin ich mit meinem Mann und den 2 T\u00f6chtern seit 2010 wieder in Tecknau wohnhaft. Meine Freizeit verbringe ich gerne im Garten, auf Spazierg\u00e4ngen mit unseren Hunden und an Orientierungsl\u00e4ufen.<\/p>\n<h3>Ausbildungen als Therapeutin<\/h3>\n<ul>\n<li>2006 &#8211; 2007 Diplom II Klassische Massage \/ Dipl. Berufsmasseurin (Bodyfeet)<\/li>\n<li>2006 Kurs Kopfschmerz- und Migr\u00e4ne Therapie (Bodyfeet)<\/li>\n<li>2007 Diplom I Fuss-Reflexzonen-Massage (Bodyfeet)<\/li>\n<li>2018 Kurs R\u00fcckenmassage in R\u00fcckenlage (Bodyfeet)<\/li>\n<li>2019 Kurs Triggerpunkt-Therapie und passive Dehnungen obere K\u00f6rperh\u00e4lfte (Bodyfeet)<\/li>\n<li>2021 Kurs Triggerpunkt-Therapie und passive Dehnungen untere K\u00f6rperh\u00e4lfte (Bodyfeet)<\/li>\n<li>2021 &#8211; 2022 Medizinische Grundlagen 161 Std. (Bodyfeet)<\/li>\n<li>2022 Lehrgang manuelle Lymphdrainage \/ Komplexe physikalische Entstauungstherapie (Bodyfeet)<\/li>\n<li>2023 Kurs Sicht- und Tastbefund Fussreflexzonenmassage<\/li>\n<li>2023 Kurs Schr\u00f6pfkopfbehandlung<\/li>\n<\/ul>\n<p>Berufliche Erfahrungen allgemein<\/p>\n<ul>\n<li>1998 &#8211; 2001 Lehre als Malerin mit technischer Berufsmatur<\/li>\n<li>Montage und Pr\u00fcfung von Druck-\/Zug-Motoren<\/li>\n<li>Bedienung und Unterhalt von Maschinen zur Herstellung von Beton-Gartenplatten<\/li>\n<li>Montage und Pr\u00fcfung von Medizinischer Ger\u00e4ten in den Bereichen Saugtechnik, Neonatologie und Ern\u00e4hrung mit Muttermilch<\/li>\n<li>Unterhaltsreinigung in einem Schulhaus<\/li>\n<li>Ausr\u00fcstung und Lieferung in einer Druckerei<\/li>\n<\/ul>\n","protected":false},"excerpt":{"rendered":"<p>Mein Name ist Denise Roth-Grieder. Ich bin 1982 geboren und in Tecknau aufgewachsen. Nach 6 1\/2 Jahren im Kanton Zug bin ich mit meinem Mann und den 2 T\u00f6chtern seit 2010 wieder in Tecknau wohnhaft. Meine Freizeit verbringe ich gerne im Garten, auf Spazierg\u00e4ngen mit unseren Hunden und an Orientierungsl\u00e4ufen. Ausbildungen als Therapeutin 2006 &#8211; &hellip; <\/p>\n<p class=\"link-more\"><a href=\"https:\/\/www.massage-roth.ch\/?page_id=16\" class=\"more-link\"><span class=\"screen-reader-text\">\u201e\u00dcber mich\u201c<\/span> weiterlesen<\/a><\/p>\n","protected":false},"author":1,"featured_media":0,"parent":0,"menu_order":0,"comment_status":"closed","ping_status":"closed","template":"","meta":{"footnotes":""},"class_list":["post-16","page","type-page","status-publish","hentry"],"_links":{"self":[{"href":"https:\/\/www.massage-roth.ch\/index.php?rest_route=\/wp\/v2\/pages\/16"}],"collection":[{"href":"https:\/\/www.massage-roth.ch\/index.php?rest_route=\/wp\/v2\/pages"}],"about":[{"href":"https:\/\/www.massage-roth.ch\/index.php?rest_route=\/wp\/v2\/types\/page"}],"author":[{"embeddable":true,"href":"https:\/\/www.massage-roth.ch\/index.php?rest_route=\/wp\/v2\/users\/1"}],"replies":[{"embeddable":true,"href":"https:\/\/www.massage-roth.ch\/index.php?rest_route=%2Fwp%2Fv2%2Fcomments&post=16"}],"version-history":[{"count":11,"href":"https:\/\/www.massage-roth.ch\/index.php?rest_route=\/wp\/v2\/pages\/16\/revisions"}],"predecessor-version":[{"id":163,"href":"https:\/\/www.massage-roth.ch\/index.php?rest_route=\/wp\/v2\/pages\/16\/revisions\/163"}],"wp:attachment":[{"href":"https:\/\/www.massage-roth.ch\/index.php?rest_route=%2Fwp%2Fv2%2Fmedia&parent=16"}],"curies":[{"name":"wp","href":"https:\/\/api.w.org\/{rel}","templated":true}]}}